{"id":1628,"date":"2025-05-13T18:17:29","date_gmt":"2025-05-13T15:17:29","guid":{"rendered":"https:\/\/didactic.chem.ubbcluj.ro\/wordpress\/?page_id=1628"},"modified":"2026-04-06T19:11:56","modified_gmt":"2026-04-06T16:11:56","slug":"kiserletek","status":"publish","type":"page","link":"https:\/\/didactic.chem.ubbcluj.ro\/wordpress\/kiserletek\/","title":{"rendered":"K\u00eds\u00e9rletek"},"content":{"rendered":"\t\t<div data-elementor-type=\"wp-page\" data-elementor-id=\"1628\" class=\"elementor elementor-1628\">\n\t\t\t\t<div class=\"elementor-element elementor-element-75d40396 e-flex e-con-boxed e-con e-parent\" data-id=\"75d40396\" data-element_type=\"container\" data-e-type=\"container\">\n\t\t\t\t\t<div class=\"e-con-inner\">\n\t\t\t\t<div class=\"elementor-element elementor-element-6819b884 elementor-widget elementor-widget-text-editor\" data-id=\"6819b884\" data-element_type=\"widget\" data-e-type=\"widget\" data-widget_type=\"text-editor.default\">\n\t\t\t\t<div class=\"elementor-widget-container\">\n\t\t\t\t\t\t\t\t\t<section id=\"gm19fe3ad\" class=\"wp-block-gutentor-m2 section-gm19fe3ad gutentor-module gutentor-dynamic-columns\">\n<div class=\"grid-container gutentor-rm-ct-space\">\n<div class=\"grid-row\">\n<p><\/p>\n<div id=\"col-gm69d97a\" class=\"wp-block-gutentor-m2-col col-gm69d97a gutentor-module gutentor-dynamic-single-column grid-lg-4 grid-md-4 grid-12\">\n<div id=\"section-gm69d97a\" class=\"section-gm69d97a gutentor-single-col has-color-bg has-custom-bg\">\n<p><\/p>\n<section id=\"gm9ad7beb\" class=\"wp-block-gutentor-m3 section-gm9ad7beb gutentor-module gutentor-container-cover\">\n<div class=\"grid-container gutentor-rm-ct-space\">\n<p><\/p>\n<div id=\"section-g7d8b34\" class=\"wp-block-gutentor-e0 section-g7d8b34 gutentor-element gutentor-element-advanced-text text-align-center-mobile\">\n<div class=\"gutentor-text-wrap\">\n<p class=\"gutentor-text\"><a href=\"https:\/\/didactic.chem.ubbcluj.ro\/wordpress\/szervetlen-ionok-kemiai-reakcioi\/\" data-type=\"page\" data-id=\"1907\">Szervetlen ionok k\u00e9miai reakci\u00f3i<\/a><\/p>\n<\/div>\n<\/div>\n<p><\/p>\n<div id=\"section-g2fcf66\" class=\"wp-block-gutentor-e0 section-g2fcf66 gutentor-element gutentor-element-advanced-text text-align-center-mobile\">\n<div class=\"gutentor-text-wrap\">\n<p class=\"gutentor-text\">Sz\u00ednv\u00e1ltoz\u00e1s<br \/>G\u00e1zfelj\u0151d\u00e9s<br \/>Csapad\u00e9k k\u00e9pz\u0151d\u00e9s<\/p>\n<\/div>\n<\/div>\n<p><\/p>\n<div id=\"section-g-t9st1n1\" class=\"wp-block-gutentor-e0 section-g-t9st1n1 gutentor-element gutentor-element-advanced-text text-align-center-desktop\">\n<div class=\"gutentor-text-wrap\">\n<h6 class=\"gutentor-text\">Vide\u00f3k<\/h6>\n<\/div>\n<\/div>\n<p><\/p>\n<\/div>\n<\/section>\n<p><\/p>\n<\/div>\n<\/div>\n<p><\/p>\n<div id=\"col-gm32797b\" class=\"wp-block-gutentor-m2-col col-gm32797b gutentor-module gutentor-dynamic-single-column grid-lg-4 grid-md-4 grid-12\">\n<div id=\"section-gm32797b\" class=\"section-gm32797b gutentor-single-col has-color-bg has-custom-bg\">\n<p><\/p>\n<section id=\"gm3713111\" class=\"wp-block-gutentor-m3 section-gm3713111 gutentor-module gutentor-container-cover\">\n<div class=\"grid-container gutentor-rm-ct-space\">\n<p><\/p>\n<div id=\"section-g1147bb\" class=\"wp-block-gutentor-e0 section-g1147bb gutentor-element gutentor-element-advanced-text text-align-center-mobile\">\n<div class=\"gutentor-text-wrap\">\n<p class=\"gutentor-text\"><a href=\"https:\/\/didactic.chem.ubbcluj.ro\/wordpress\/reakciosebesseg\/\" data-type=\"page\" data-id=\"1909\">Reakci\u00f3sebess\u00e9g<\/a><\/p>\n<\/div>\n<\/div>\n<p><\/p>\n<div id=\"section-g46980d\" class=\"wp-block-gutentor-e0 section-g46980d gutentor-element gutentor-element-advanced-text text-align-center-mobile\">\n<div class=\"gutentor-text-wrap\">\n<p class=\"gutentor-text\">A koncentr\u00e1ci\u00f3 vagy a h\u0151m\u00e9rs\u00e9klet hat\u00e1sa<br \/>Fel\u00fcleti hat\u00e1sok<\/p>\n<\/div>\n<\/div>\n<p><\/p>\n<div id=\"section-g-gl1rf80\" class=\"wp-block-gutentor-e0 section-g-gl1rf80 gutentor-element gutentor-element-advanced-text text-align-center-desktop\">\n<div class=\"gutentor-text-wrap\">\n<h6 class=\"gutentor-text\">Vide\u00f3k<\/h6>\n<\/div>\n<\/div>\n<p><\/p>\n<\/div>\n<\/section>\n<p><\/p>\n<\/div>\n<\/div>\n<p><\/p>\n<div id=\"col-g-30xqnwo\" class=\"wp-block-gutentor-m2-col col-g-30xqnwo gutentor-module gutentor-dynamic-single-column grid-lg-4 grid-md-4 grid-12\">\n<div id=\"section-g-30xqnwo\" class=\"section-g-30xqnwo gutentor-single-col has-color-bg has-custom-bg\">\n<p><\/p>\n<section id=\"g-qseps3e\" class=\"wp-block-gutentor-m3 section-g-qseps3e gutentor-module gutentor-container-cover\">\n<div class=\"grid-container gutentor-rm-ct-space\">\n<p><\/p>\n<div id=\"section-g-rtontoc\" class=\"wp-block-gutentor-e0 section-g-rtontoc gutentor-element gutentor-element-advanced-text text-align-center-mobile\">\n<div class=\"gutentor-text-wrap\">\n<p class=\"gutentor-text\"><a href=\"https:\/\/didactic.chem.ubbcluj.ro\/wordpress\/termokemia\/\" data-type=\"page\" data-id=\"1911\">Termok\u00e9mia<\/a><\/p>\n<\/div>\n<\/div>\n<p><\/p>\n<div id=\"section-g-j30gefs\" class=\"wp-block-gutentor-e0 section-g-j30gefs gutentor-element gutentor-element-advanced-text text-align-center-mobile\">\n<div class=\"gutentor-text-wrap\">\n<p class=\"gutentor-text\">Exoterm\/endoterm reakci\u00f3k<br \/>\u00c9g\u00e9si reakci\u00f3k<\/p>\n<\/div>\n<\/div>\n<p><\/p>\n<div id=\"section-g-xxehkbe\" class=\"wp-block-gutentor-e0 section-g-xxehkbe gutentor-element gutentor-element-advanced-text text-align-center-desktop\">\n<div class=\"gutentor-text-wrap\">\n<h6 class=\"gutentor-text\">Vide\u00f3k<\/h6>\n<\/div>\n<\/div>\n<p><\/p>\n<\/div>\n<\/section>\n<p><\/p>\n<\/div>\n<\/div>\n<p><\/p>\n<div id=\"col-g-qj1i3qt\" class=\"wp-block-gutentor-m2-col col-g-qj1i3qt gutentor-module gutentor-dynamic-single-column grid-lg-4 grid-md-4 grid-12\">\n<div id=\"section-g-qj1i3qt\" class=\"section-g-qj1i3qt gutentor-single-col has-color-bg has-custom-bg\">\n<p><\/p>\n<section id=\"g-zqutrzt\" class=\"wp-block-gutentor-m3 section-g-zqutrzt gutentor-module gutentor-container-cover\">\n<div class=\"grid-container gutentor-rm-ct-space\">\n<p><\/p>\n<div id=\"section-g-ry18h1s\" class=\"wp-block-gutentor-e0 section-g-ry18h1s gutentor-element gutentor-element-advanced-text text-align-center-mobile\">\n<div class=\"gutentor-text-wrap\">\n<p class=\"gutentor-text\"><a href=\"https:\/\/didactic.chem.ubbcluj.ro\/wordpress\/savak-bazisok-es-ph\/\" data-type=\"page\" data-id=\"1913\">Savak, b\u00e1zisok \u00e9s pH<\/a><\/p>\n<\/div>\n<\/div>\n<p><\/p>\n<div id=\"section-g-k52y2t2\" class=\"wp-block-gutentor-e0 section-g-k52y2t2 gutentor-element gutentor-element-advanced-text text-align-center-mobile\">\n<div class=\"gutentor-text-wrap\">\n<p class=\"gutentor-text\">Titr\u00e1l\u00e1sok<br \/>Term\u00e9szetes mutat\u00f3k<br \/>pH \u00e9s semleges\u00edt\u00e9s<\/p>\n<\/div>\n<\/div>\n<p><\/p>\n<div id=\"section-g-0npztpr\" class=\"wp-block-gutentor-e0 section-g-0npztpr gutentor-element gutentor-element-advanced-text text-align-center-desktop\">\n<div class=\"gutentor-text-wrap\">\n<h6 class=\"gutentor-text\">Vide\u00f3k<\/h6>\n<\/div>\n<\/div>\n<p><\/p>\n<\/div>\n<\/section>\n<p><\/p>\n<\/div>\n<\/div>\n<p><\/p>\n<div id=\"col-g-t3c5peh\" class=\"wp-block-gutentor-m2-col col-g-t3c5peh gutentor-module gutentor-dynamic-single-column grid-lg-4 grid-md-4 grid-12\">\n<div id=\"section-g-t3c5peh\" class=\"section-g-t3c5peh gutentor-single-col has-color-bg has-custom-bg\">\n<p><\/p>\n<section id=\"g-4y313a7\" class=\"wp-block-gutentor-m3 section-g-4y313a7 gutentor-module gutentor-container-cover\">\n<div class=\"grid-container gutentor-rm-ct-space\">\n<p><\/p>\n<div id=\"section-g-w5bbiie\" class=\"wp-block-gutentor-e0 section-g-w5bbiie gutentor-element gutentor-element-advanced-text text-align-center-mobile\">\n<div class=\"gutentor-text-wrap\">\n<p class=\"gutentor-text\"><a href=\"https:\/\/didactic.chem.ubbcluj.ro\/wordpress\/elvalasztasi-kiserletek\/\" data-type=\"page\" data-id=\"1915\">Elv\u00e1laszt\u00e1si k\u00eds\u00e9rletek<\/a><\/p>\n<\/div>\n<\/div>\n<p><\/p>\n<div id=\"section-g-aq5i5q7\" class=\"wp-block-gutentor-e0 section-g-aq5i5q7 gutentor-element gutentor-element-advanced-text text-align-center-mobile\">\n<div class=\"gutentor-text-wrap\">\n<p class=\"gutentor-text\">Desztill\u00e1l\u00e1s<br \/>Sz\u0171r\u00e9s \u00e9s krist\u00e1lyos\u00edt\u00e1s<br \/>Kromatogr\u00e1fia<\/p>\n<\/div>\n<\/div>\n<p><\/p>\n<div id=\"section-g-1b3cber\" class=\"wp-block-gutentor-e0 section-g-1b3cber gutentor-element gutentor-element-advanced-text text-align-center-desktop\">\n<div class=\"gutentor-text-wrap\">\n<h6 class=\"gutentor-text\">Vide\u00f3k<\/h6>\n<\/div>\n<\/div>\n<p><\/p>\n<\/div>\n<\/section>\n<p><\/p>\n<\/div>\n<\/div>\n<p><\/p>\n<div id=\"col-gm7a38d3\" class=\"wp-block-gutentor-m2-col col-gm7a38d3 gutentor-module gutentor-dynamic-single-column grid-lg-4 grid-md-4 grid-12\">\n<div id=\"section-gm7a38d3\" class=\"section-gm7a38d3 gutentor-single-col has-color-bg has-custom-bg\">\n<p><\/p>\n<section id=\"gm7e7e724\" class=\"wp-block-gutentor-m3 section-gm7e7e724 gutentor-module gutentor-container-cover\">\n<div class=\"grid-container gutentor-rm-ct-space\">\n<p><\/p>\n<div id=\"section-g349ed5\" class=\"wp-block-gutentor-e0 section-g349ed5 gutentor-element gutentor-element-advanced-text text-align-center-mobile\">\n<div class=\"gutentor-text-wrap\">\n<p class=\"gutentor-text\"><a href=\"https:\/\/didactic.chem.ubbcluj.ro\/wordpress\/elektrokemia\/\" data-type=\"page\" data-id=\"1917\">Elektrok\u00e9mia<\/a><\/p>\n<\/div>\n<\/div>\n<p><\/p>\n<div id=\"section-gfee43c\" class=\"wp-block-gutentor-e0 section-gfee43c gutentor-element gutentor-element-advanced-text text-align-center-mobile\">\n<div class=\"gutentor-text-wrap\">\n<p class=\"gutentor-text\">Egyszer\u0171 elektrol\u00edzis<br \/>Galv\u00e1n elem<\/p>\n<\/div>\n<\/div>\n<p><\/p>\n<div id=\"section-g-ifefrak\" class=\"wp-block-gutentor-e0 section-g-ifefrak gutentor-element gutentor-element-advanced-text text-align-center-desktop\">\n<div class=\"gutentor-text-wrap\">\n<h6 class=\"gutentor-text\">Vide\u00f3k<\/h6>\n<\/div>\n<\/div>\n<p><\/p>\n<\/div>\n<\/section>\n<p><\/p>\n<\/div>\n<\/div>\n<p><\/p>\n<div id=\"col-g-n3ff41f\" class=\"wp-block-gutentor-m2-col col-g-n3ff41f gutentor-module gutentor-dynamic-single-column grid-lg-4 grid-md-4 grid-12\">\n<div id=\"section-g-n3ff41f\" class=\"section-g-n3ff41f gutentor-single-col has-color-bg has-custom-bg\">\n<p><\/p>\n<section id=\"g-ak2c27e\" class=\"wp-block-gutentor-m3 section-g-ak2c27e gutentor-module gutentor-container-cover\">\n<div class=\"grid-container gutentor-rm-ct-space\">\n<p><\/p>\n<div id=\"section-g-w2w2dt0\" class=\"wp-block-gutentor-e0 section-g-w2w2dt0 gutentor-element gutentor-element-advanced-text text-align-center-mobile\">\n<div class=\"gutentor-text-wrap\">\n<p class=\"gutentor-text\"><a href=\"https:\/\/didactic.chem.ubbcluj.ro\/wordpress\/femek-es-nemfemek-kemiai-tulajdonsagai\">F\u00e9mek \u00e9s nemf\u00e9mek k\u00e9miai tulajdons\u00e1gai<\/a><\/p>\n<\/div>\n<\/div>\n<p><\/p>\n<div id=\"section-g-fixcc1r\" class=\"wp-block-gutentor-e0 section-g-fixcc1r gutentor-element gutentor-element-advanced-text text-align-center-mobile\">\n<div class=\"gutentor-text-wrap\">\n<p class=\"gutentor-text\"><a href=\"https:\/\/didactic.chem.ubbcluj.ro\/wordpress\/femek\/\" data-type=\"page\" data-id=\"1919\">F\u00e9mek<\/a><br \/><a href=\"https:\/\/didactic.chem.ubbcluj.ro\/wordpress\/nemfemek\/\" data-type=\"page\" data-id=\"1921\">Nemf\u00e9mek<\/a><\/p>\n<\/div>\n<\/div>\n<p><\/p>\n<div id=\"section-g-lybhbll\" class=\"wp-block-gutentor-e0 section-g-lybhbll gutentor-element gutentor-element-advanced-text text-align-center-desktop\">\n<div class=\"gutentor-text-wrap\">\n<h6 class=\"gutentor-text\">Vide\u00f3k<\/h6>\n<\/div>\n<\/div>\n<p><\/p>\n<\/div>\n<\/section>\n<p><\/p>\n<\/div>\n<\/div>\n<p><\/p>\n<div id=\"col-g-19hyryh\" class=\"wp-block-gutentor-m2-col col-g-19hyryh gutentor-module gutentor-dynamic-single-column grid-lg-4 grid-md-4 grid-12\">\n<div id=\"section-g-19hyryh\" class=\"section-g-19hyryh gutentor-single-col has-color-bg has-custom-bg\">\n<p><\/p>\n<section id=\"g-lyjip0j\" class=\"wp-block-gutentor-m3 section-g-lyjip0j gutentor-module gutentor-container-cover\">\n<div class=\"grid-container gutentor-rm-ct-space\">\n<p><\/p>\n<div id=\"section-g-vew9jl3\" class=\"wp-block-gutentor-e0 section-g-vew9jl3 gutentor-element gutentor-element-advanced-text text-align-center-mobile\">\n<div class=\"gutentor-text-wrap\">\n<p class=\"gutentor-text\"><a href=\"https:\/\/didactic.chem.ubbcluj.ro\/wordpress\/kiserletek-haztartasi-anyagokkal\/\" data-type=\"page\" data-id=\"1923\">K\u00eds\u00e9rletek h\u00e1ztart\u00e1si anyagokkal<\/a><\/p>\n<\/div>\n<\/div>\n<p><\/p>\n<div id=\"section-g-ye6ier1\" class=\"wp-block-gutentor-e0 section-g-ye6ier1 gutentor-element gutentor-element-advanced-text text-align-center-mobile\">\n<div class=\"gutentor-text-wrap\">\n<p class=\"gutentor-text\">Otthon is elv\u00e9gezhet\u0151 k\u00eds\u00e9rletek<\/p>\n<\/div>\n<\/div>\n<p><\/p>\n<div id=\"section-g-n9n6wer\" class=\"wp-block-gutentor-e0 section-g-n9n6wer gutentor-element gutentor-element-advanced-text text-align-center-desktop\">\n<div class=\"gutentor-text-wrap\">\n<h6 class=\"gutentor-text\">Vide\u00f3k<\/h6>\n<\/div>\n<\/div>\n<p><\/p>\n<\/div>\n<\/section>\n<p><\/p>\n<\/div>\n<\/div>\n<p><\/p>\n<div id=\"col-g-bvboalv\" class=\"wp-block-gutentor-m2-col col-g-bvboalv gutentor-module gutentor-dynamic-single-column grid-lg-4 grid-md-4 grid-12\">\n<div id=\"section-g-bvboalv\" class=\"section-g-bvboalv gutentor-single-col has-color-bg has-custom-bg\">\n<p><\/p>\n<section id=\"g-mbn2121\" class=\"wp-block-gutentor-m3 section-g-mbn2121 gutentor-module gutentor-container-cover\">\n<div class=\"grid-container gutentor-rm-ct-space\">\n<p><\/p>\n<div id=\"section-g-v18qe1w\" class=\"wp-block-gutentor-e0 section-g-v18qe1w gutentor-element gutentor-element-advanced-text text-align-center-mobile\">\n<div class=\"gutentor-text-wrap\">\n<p class=\"gutentor-text\"><a href=\"https:\/\/didactic.chem.ubbcluj.ro\/wordpress\/kutatasalapu-kiserletek\">Kutat\u00e1salap\u00fa k\u00eds\u00e9rletek<\/a><\/p>\n<\/div>\n<\/div>\n<p><\/p>\n<div id=\"section-g-qhbhrsb\" class=\"wp-block-gutentor-e0 section-g-qhbhrsb gutentor-element gutentor-element-advanced-text text-align-center-mobile\">\n<div class=\"gutentor-text-wrap\">\n<p class=\"gutentor-text\"><a href=\"https:\/\/didactic.chem.ubbcluj.ro\/wordpress\/feladatlapok\/\" data-type=\"page\" data-id=\"1925\">Feladatlapok<\/a><br \/><a href=\"https:\/\/didactic.chem.ubbcluj.ro\/wordpress\/elte-feladatlapok\" target=\"_blank\" rel=\"noreferrer noopener\" data-type=\"link\" data-id=\"https:\/\/ttomc.elte.hu\/publications\/90\">ELTE feladatlapok <\/a><\/p>\n<\/div>\n<\/div>\n<p><\/p>\n<div id=\"section-g-gfkktnd\" class=\"wp-block-gutentor-e0 section-g-gfkktnd gutentor-element gutentor-element-advanced-text text-align-center-desktop\">\n<div class=\"gutentor-text-wrap\">\n<h6 class=\"gutentor-text\">Vide\u00f3k<\/h6>\n<\/div>\n<\/div>\n<p><\/p>\n<\/div>\n<\/section>\n<p><\/p>\n<\/div>\n<\/div>\n<p><\/p>\n<div id=\"col-g-xgi1pni\" class=\"wp-block-gutentor-m2-col col-g-xgi1pni gutentor-module gutentor-dynamic-single-column grid-lg-4 grid-md-4 grid-12\">\n<div id=\"section-g-xgi1pni\" class=\"section-g-xgi1pni gutentor-single-col has-color-bg has-custom-bg\">\n<p><\/p>\n<section id=\"g-l2hll7r\" class=\"wp-block-gutentor-m3 section-g-l2hll7r gutentor-module gutentor-container-cover\">\n<div class=\"grid-container gutentor-rm-ct-space\">\n<p><\/p>\n<div id=\"section-g-9sbuiv9\" class=\"wp-block-gutentor-e0 section-g-9sbuiv9 gutentor-element gutentor-element-advanced-text text-align-center-mobile\">\n<div class=\"gutentor-text-wrap\">\n<p class=\"gutentor-text\"><a href=\"https:\/\/didactic.chem.ubbcluj.ro\/wordpress\/kiserlet-gyujtemeny\/\" data-type=\"page\" data-id=\"1927\">K\u00eds\u00e9rlet gy\u0171jtem\u00e9ny<\/a><\/p>\n<\/div>\n<\/div>\n<p><\/p>\n<div id=\"section-g-91q177o\" class=\"wp-block-gutentor-e0 section-g-91q177o gutentor-element gutentor-element-advanced-text text-align-center-mobile\">\n<div class=\"gutentor-text-wrap\">\n<p class=\"gutentor-text\">\u00a0<\/p>\n<\/div>\n<\/div>\n<p><\/p>\n<div id=\"section-g-i5owege\" class=\"wp-block-gutentor-e0 section-g-i5owege gutentor-element gutentor-element-advanced-text text-align-center-desktop\">\n<div class=\"gutentor-text-wrap\">\n<h6 class=\"gutentor-text\">Vide\u00f3k<\/h6>\n<\/div>\n<\/div>\n<p><\/p>\n<\/div>\n<\/section>\n<p><\/p>\n<\/div>\n<\/div>\n<p><\/p>\n<div id=\"col-g-ge61ceq\" class=\"wp-block-gutentor-m2-col col-g-ge61ceq gutentor-module gutentor-dynamic-single-column grid-lg-4 grid-md-4 grid-12\">\n<div id=\"section-g-ge61ceq\" class=\"section-g-ge61ceq gutentor-single-col has-color-bg has-custom-bg\">\n<p><\/p>\n<section id=\"g-61aa4n6\" class=\"wp-block-gutentor-m3 section-g-61aa4n6 gutentor-module gutentor-container-cover\">\n<div class=\"grid-container gutentor-rm-ct-space\">\n<p><\/p>\n<div id=\"section-g-7h5gas7\" class=\"wp-block-gutentor-e0 section-g-7h5gas7 gutentor-element gutentor-element-advanced-text text-align-center-mobile\">\n<div class=\"gutentor-text-wrap\">\n<p class=\"gutentor-text\"><a href=\"https:\/\/didactic.chem.ubbcluj.ro\/wordpress\/csappkiserletek\/\" data-type=\"page\" data-id=\"1929\">Cseppk\u00eds\u00e9rletek<\/a><\/p>\n<\/div>\n<\/div>\n<p><\/p>\n<div id=\"section-g-dl3d5i3\" class=\"wp-block-gutentor-e0 section-g-dl3d5i3 gutentor-element gutentor-element-advanced-text text-align-center-mobile\">\n<div class=\"gutentor-text-wrap\">\n<p class=\"gutentor-text\">F\u00f3li\u00e1n<br \/>Palett\u00e1ban vagy csemp\u00e9n<\/p>\n<\/div>\n<\/div>\n<p><\/p>\n<div id=\"section-g-22kdy9y\" class=\"wp-block-gutentor-e0 section-g-22kdy9y gutentor-element gutentor-element-advanced-text text-align-center-desktop\">\n<div class=\"gutentor-text-wrap\">\n<h6 class=\"gutentor-text\">Vide\u00f3k<\/h6>\n<\/div>\n<\/div>\n<p><\/p>\n<\/div>\n<\/section>\n<p><\/p>\n<\/div>\n<\/div>\n<p><\/p>\n<div id=\"col-g-t787u67\" class=\"wp-block-gutentor-m2-col col-g-t787u67 gutentor-module gutentor-dynamic-single-column grid-lg-4 grid-md-4 grid-12\">\n<div id=\"section-g-t787u67\" class=\"section-g-t787u67 gutentor-single-col has-color-bg has-custom-bg\">\n<p><\/p>\n<section id=\"g-1s1i1ip\" class=\"wp-block-gutentor-m3 section-g-1s1i1ip gutentor-module gutentor-container-cover\">\n<div class=\"grid-container gutentor-rm-ct-space\">\n<p><\/p>\n<div id=\"section-g-dbaon1f\" class=\"wp-block-gutentor-e0 section-g-dbaon1f gutentor-element gutentor-element-advanced-text text-align-center-mobile\">\n<div class=\"gutentor-text-wrap\">\n<p class=\"gutentor-text\"><a href=\"https:\/\/didactic.chem.ubbcluj.ro\/wordpress\/ovoda-es-elemi-osztalyok\/\" data-type=\"page\" data-id=\"1931\">\u00d3voda \u00e9s elemi oszt\u00e1lyok<\/a><\/p>\n<\/div>\n<\/div>\n<p><\/p>\n<div id=\"section-g-rr71nh2\" class=\"wp-block-gutentor-e0 section-g-rr71nh2 gutentor-element gutentor-element-advanced-text text-align-center-mobile\">\n<div class=\"gutentor-text-wrap\">\n<p class=\"gutentor-text\">\u00d3voda<br \/>Elemi<\/p>\n<\/div>\n<\/div>\n<p><\/p>\n<div id=\"section-g-ssfsqwj\" class=\"wp-block-gutentor-e0 section-g-ssfsqwj gutentor-element gutentor-element-advanced-text text-align-center-desktop\">\n<div class=\"gutentor-text-wrap\">\n<h6 class=\"gutentor-text\">Vide\u00f3k<\/h6>\n<\/div>\n<\/div>\n<p><\/p>\n<\/div>\n<\/section>\n<p><\/p>\n<\/div>\n<\/div>\n<p><\/p>\n<\/div>\n<\/div>\n<\/section>\n<p><!-- \/wp:gutentor\/m2 --><!-- wp:paragraph --><\/p>\n<p><!-- \/wp:paragraph --><\/p>\t\t\t\t\t\t\t\t<\/div>\n\t\t\t\t<\/div>\n\t\t\t\t\t<\/div>\n\t\t\t\t<\/div>\n\t\t\t\t<\/div>\n\t\t","protected":false},"excerpt":{"rendered":"","protected":false},"author":8,"featured_media":0,"parent":0,"menu_order":0,"comment_status":"closed","ping_status":"closed","template":"","meta":{"site-sidebar-layout":"default","site-content-layout":"","ast-site-content-layout":"default","site-content-style":"default","site-sidebar-style":"default","ast-global-header-display":"","ast-banner-title-visibility":"","ast-main-header-display":"","ast-hfb-above-header-display":"","ast-hfb-below-header-display":"","ast-hfb-mobile-header-display":"","site-post-title":"","ast-breadcrumbs-content":"","ast-featured-img":"","footer-sml-layout":"","ast-disable-related-posts":"","theme-transparent-header-meta":"","adv-header-id-meta":"","stick-header-meta":"","header-above-stick-meta":"","header-main-stick-meta":"","header-below-stick-meta":"","astra-migrate-meta-layouts":"default","ast-page-background-enabled":"default","ast-page-background-meta":{"desktop":{"background-color":"var(--ast-global-color-5)","background-image":"","background-repeat":"repeat","background-position":"center center","background-size":"auto","background-attachment":"scroll","background-type":"","background-media":"","overlay-type":"","overlay-color":"","overlay-opacity":"","overlay-gradient":""},"tablet":{"background-color":"","background-image":"","background-repeat":"repeat","background-position":"center center","background-size":"auto","background-attachment":"scroll","background-type":"","background-media":"","overlay-type":"","overlay-color":"","overlay-opacity":"","overlay-gradient":""},"mobile":{"background-color":"","background-image":"","background-repeat":"repeat","background-position":"center center","background-size":"auto","background-attachment":"scroll","background-type":"","background-media":"","overlay-type":"","overlay-color":"","overlay-opacity":"","overlay-gradient":""}},"ast-content-background-meta":{"desktop":{"background-color":"var(--ast-global-color-4)","background-image":"","background-repeat":"repeat","background-position":"center center","background-size":"auto","background-attachment":"scroll","background-type":"","background-media":"","overlay-type":"","overlay-color":"","overlay-opacity":"","overlay-gradient":""},"tablet":{"background-color":"var(--ast-global-color-4)","background-image":"","background-repeat":"repeat","background-position":"center center","background-size":"auto","background-attachment":"scroll","background-type":"","background-media":"","overlay-type":"","overlay-color":"","overlay-opacity":"","overlay-gradient":""},"mobile":{"background-color":"var(--ast-global-color-4)","background-image":"","background-repeat":"repeat","background-position":"center center","background-size":"auto","background-attachment":"scroll","background-type":"","background-media":"","overlay-type":"","overlay-color":"","overlay-opacity":"","overlay-gradient":""}},"footnotes":"","_links_to":"","_links_to_target":""},"class_list":["post-1628","page","type-page","status-publish","hentry"],"_links":{"self":[{"href":"https:\/\/didactic.chem.ubbcluj.ro\/wordpress\/wp-json\/wp\/v2\/pages\/1628","targetHints":{"allow":["GET"]}}],"collection":[{"href":"https:\/\/didactic.chem.ubbcluj.ro\/wordpress\/wp-json\/wp\/v2\/pages"}],"about":[{"href":"https:\/\/didactic.chem.ubbcluj.ro\/wordpress\/wp-json\/wp\/v2\/types\/page"}],"author":[{"embeddable":true,"href":"https:\/\/didactic.chem.ubbcluj.ro\/wordpress\/wp-json\/wp\/v2\/users\/8"}],"replies":[{"embeddable":true,"href":"https:\/\/didactic.chem.ubbcluj.ro\/wordpress\/wp-json\/wp\/v2\/comments?post=1628"}],"version-history":[{"count":38,"href":"https:\/\/didactic.chem.ubbcluj.ro\/wordpress\/wp-json\/wp\/v2\/pages\/1628\/revisions"}],"predecessor-version":[{"id":2176,"href":"https:\/\/didactic.chem.ubbcluj.ro\/wordpress\/wp-json\/wp\/v2\/pages\/1628\/revisions\/2176"}],"wp:attachment":[{"href":"https:\/\/didactic.chem.ubbcluj.ro\/wordpress\/wp-json\/wp\/v2\/media?parent=1628"}],"curies":[{"name":"wp","href":"https:\/\/api.w.org\/{rel}","templated":true}]}}