{"id":1776,"date":"2025-05-20T17:12:39","date_gmt":"2025-05-20T14:12:39","guid":{"rendered":"https:\/\/didactic.chem.ubbcluj.ro\/wordpress\/?page_id=1776"},"modified":"2025-05-20T17:33:13","modified_gmt":"2025-05-20T14:33:13","slug":"szervetlen","status":"publish","type":"page","link":"https:\/\/didactic.chem.ubbcluj.ro\/wordpress\/szervetlen\/","title":{"rendered":"Szervetlen"},"content":{"rendered":"\n<section id=\"gm0656575\" class=\"wp-block-gutentor-m4 section-gm0656575 gutentor-module gutentor-advanced-columns has-gutentor-overlay gutentor-equal-column-height\"><div class=\"grid-container\"><div class=\"grid-row\">\n<div id=\"col-gm7a27db\" class=\"wp-block-gutentor-m4-col col-gm7a27db gutentor-single-column  grid-lg-5 grid-md-12 grid-12\"><div id=\"section-gm7a27db\" class=\"section-gm7a27db gutentor-col-wrap\">\n<div id=\"section-g122e77\" class=\"wp-block-gutentor-e6 section-g122e77 gutentor-element gutentor-element-image\"><div class=\"gutentor-element-image-box\"><div class=\"gutentor-image-thumb\"><img decoding=\"async\" class=\"normal-image\" src=\"https:\/\/didactic.chem.ubbcluj.ro\/wordpress\/wp-content\/uploads\/2025\/05\/pdfcoffee.com_editura-explorator-chimie-anorganica-elena-alexandrescu-pdf-free-pdf.jpg\" \/><\/div><\/div><\/div>\n<\/div><\/div>\n\n\n\n<div id=\"col-gm80499b\" class=\"wp-block-gutentor-m4-col col-gm80499b gutentor-single-column  grid-lg-7 grid-md-12 grid-12\"><div id=\"section-gm80499b\" class=\"section-gm80499b gutentor-col-wrap\">\n<div id=\"section-g1ba7d8\" class=\"wp-block-gutentor-e1 section-g1ba7d8 gutentor-element gutentor-element-advanced-text text-align-center-desktop text-align-right-mobile\"><div class=\"gutentor-text-wrap\"><h6 class=\"gutentor-text\">1. Atom. K\u00e9miai elem. Molekula Szt\u00f6chiometrikus sz\u00e1m\u00edt\u00e1sok<br>2. A peri\u00f3dusos rendszer. Az elemek periodikus \u00e9s nem periodikus tulajdons\u00e1gai a k\u00e9mi\u00e1ban<br>3. Aggreg\u00e1ci\u00f3s \u00e1llapotok. Krist\u00e1lyr\u00e1csok. K\u00e9miai k\u00f6t\u00e9sek \u00e9s intermolekul\u00e1ris k\u00f6lcs\u00f6nhat\u00e1sok<br>4. G\u00e1z halmaz\u00e1llapot<br>5. Anyagok kever\u00e9kei. Megold\u00e1sok. Az oldatok koncentr\u00e1ci\u00f3i. Krist\u00e1lyhidr\u00e1tok<br>6. K\u00e9miai egyens\u00faly<br>7. Savak \u00e9s b\u00e1zisok. Protoncsere-reakci\u00f3k<br>8. K\u00e9miai termodinamika<br>9. K\u00e9miai kinetika<br>10. Elektrok\u00e9mia<br>11. Komplexk\u00e9pz\u0151d\u00e9si \u00e9s kicsap\u00f3d\u00e1si reakci\u00f3k. K\u00eds\u00e9rleti m\u00f3dszerek egyes kationok \u00e9s anionok azonos\u00edt\u00e1s\u00e1ra<br>12. F\u00e9mek \u00e9s nemf\u00e9mek<br>13. Oxidok, b\u00e1zisok, savak \u00e9s s\u00f3k<br>14. V\u00edz<br>15. Egy\u00e9b feladatok<\/h6><\/div><\/div>\n\n\n\n<div id=\"section-g-9uz0b0u\" class=\"wp-block-gutentor-e1 section-g-9uz0b0u gutentor-element gutentor-element-advanced-text text-align-center-desktop\"><div class=\"gutentor-text-wrap\"><p class=\"gutentor-text\"><a href=\"https:\/\/didactic.chem.ubbcluj.ro\/wordpress\/wp-content\/uploads\/2025\/05\/pdfcoffee.com_editura-explorator-chimie-anorganica-elena-alexandrescu-pdf-free.pdf\" data-type=\"link\" data-id=\"https:\/\/didactic.chem.ubbcluj.ro\/wordpress\/wp-content\/uploads\/2025\/05\/pdfcoffee.com_editura-explorator-chimie-anorganica-elena-alexandrescu-pdf-free.pdf\">Let\u00f6lt\u00e9s<\/a><\/p><\/div><\/div>\n<\/div><\/div>\n<\/div><\/div><\/section>\n\n\n\n<section id=\"section-g-b771p15\" class=\"wp-block-gutentor-divider section-g-b771p15 gutentor-element gutentor-section gutentor-divider text-center\"><div class=\"grid-container\"><div class=\"gutentor-divider-box\"><span><svg xmlns=\"http:\/\/www.w3.org\/2000\/svg\" viewBox=\"0 0 240 40\" preserveAspectRatio=\"none\"><path d=\"M56.2 20c5.3-.1 10.6-.2 16-.3l16-.2c10.6-.1 21.3-.1 31.9-.2 10.6.1 21.3 0 31.9.1l16 .2c5.3.1 10.6.2 16 .3-5.3.1-10.6.2-16 .3l-16 .2c-10.6.1-21.3.1-31.9.1-10.6-.1-21.3 0-31.9-.2l-16-.2c-5.4.1-10.7 0-16-.1z\"><\/path><\/svg><\/span><\/div><\/div><\/section>\n\n\n\n<p><\/p>\n","protected":false},"excerpt":{"rendered":"","protected":false},"author":8,"featured_media":0,"parent":0,"menu_order":0,"comment_status":"closed","ping_status":"closed","template":"","meta":{"site-sidebar-layout":"default","site-content-layout":"","ast-site-content-layout":"default","site-content-style":"default","site-sidebar-style":"default","ast-global-header-display":"","ast-banner-title-visibility":"","ast-main-header-display":"","ast-hfb-above-header-display":"","ast-hfb-below-header-display":"","ast-hfb-mobile-header-display":"","site-post-title":"","ast-breadcrumbs-content":"","ast-featured-img":"","footer-sml-layout":"","ast-disable-related-posts":"","theme-transparent-header-meta":"","adv-header-id-meta":"","stick-header-meta":"","header-above-stick-meta":"","header-main-stick-meta":"","header-below-stick-meta":"","astra-migrate-meta-layouts":"default","ast-page-background-enabled":"default","ast-page-background-meta":{"desktop":{"background-color":"var(--ast-global-color-5)","background-image":"","background-repeat":"repeat","background-position":"center center","background-size":"auto","background-attachment":"scroll","background-type":"","background-media":"","overlay-type":"","overlay-color":"","overlay-opacity":"","overlay-gradient":""},"tablet":{"background-color":"","background-image":"","background-repeat":"repeat","background-position":"center center","background-size":"auto","background-attachment":"scroll","background-type":"","background-media":"","overlay-type":"","overlay-color":"","overlay-opacity":"","overlay-gradient":""},"mobile":{"background-color":"","background-image":"","background-repeat":"repeat","background-position":"center center","background-size":"auto","background-attachment":"scroll","background-type":"","background-media":"","overlay-type":"","overlay-color":"","overlay-opacity":"","overlay-gradient":""}},"ast-content-background-meta":{"desktop":{"background-color":"var(--ast-global-color-4)","background-image":"","background-repeat":"repeat","background-position":"center center","background-size":"auto","background-attachment":"scroll","background-type":"","background-media":"","overlay-type":"","overlay-color":"","overlay-opacity":"","overlay-gradient":""},"tablet":{"background-color":"var(--ast-global-color-4)","background-image":"","background-repeat":"repeat","background-position":"center center","background-size":"auto","background-attachment":"scroll","background-type":"","background-media":"","overlay-type":"","overlay-color":"","overlay-opacity":"","overlay-gradient":""},"mobile":{"background-color":"var(--ast-global-color-4)","background-image":"","background-repeat":"repeat","background-position":"center center","background-size":"auto","background-attachment":"scroll","background-type":"","background-media":"","overlay-type":"","overlay-color":"","overlay-opacity":"","overlay-gradient":""}},"footnotes":"","_links_to":"","_links_to_target":""},"class_list":["post-1776","page","type-page","status-publish","hentry"],"_links":{"self":[{"href":"https:\/\/didactic.chem.ubbcluj.ro\/wordpress\/wp-json\/wp\/v2\/pages\/1776","targetHints":{"allow":["GET"]}}],"collection":[{"href":"https:\/\/didactic.chem.ubbcluj.ro\/wordpress\/wp-json\/wp\/v2\/pages"}],"about":[{"href":"https:\/\/didactic.chem.ubbcluj.ro\/wordpress\/wp-json\/wp\/v2\/types\/page"}],"author":[{"embeddable":true,"href":"https:\/\/didactic.chem.ubbcluj.ro\/wordpress\/wp-json\/wp\/v2\/users\/8"}],"replies":[{"embeddable":true,"href":"https:\/\/didactic.chem.ubbcluj.ro\/wordpress\/wp-json\/wp\/v2\/comments?post=1776"}],"version-history":[{"count":6,"href":"https:\/\/didactic.chem.ubbcluj.ro\/wordpress\/wp-json\/wp\/v2\/pages\/1776\/revisions"}],"predecessor-version":[{"id":1834,"href":"https:\/\/didactic.chem.ubbcluj.ro\/wordpress\/wp-json\/wp\/v2\/pages\/1776\/revisions\/1834"}],"wp:attachment":[{"href":"https:\/\/didactic.chem.ubbcluj.ro\/wordpress\/wp-json\/wp\/v2\/media?parent=1776"}],"curies":[{"name":"wp","href":"https:\/\/api.w.org\/{rel}","templated":true}]}}