{"id":1837,"date":"2025-06-03T17:00:14","date_gmt":"2025-06-03T14:00:14","guid":{"rendered":"https:\/\/didactic.chem.ubbcluj.ro\/wordpress\/?page_id=1837"},"modified":"2025-06-19T13:56:08","modified_gmt":"2025-06-19T10:56:08","slug":"eloadasok","status":"publish","type":"page","link":"https:\/\/didactic.chem.ubbcluj.ro\/wordpress\/eloadasok\/","title":{"rendered":"El\u0151ad\u00e1sok"},"content":{"rendered":"\n<figure class=\"wp-block-embed is-type-video is-provider-youtube wp-block-embed-youtube wp-embed-aspect-16-9 wp-has-aspect-ratio\"><div class=\"wp-block-embed__wrapper\">\n<iframe title=\"K\u00e9miatan\u00e1rok tov\u00e1bbk\u00e9pz\u0151je 1.  Dr. Inzelt Gy\u00f6rgy el\u0151ad\u00e1sa \/ 2021. 03. 10.\" width=\"500\" height=\"281\" src=\"https:\/\/www.youtube.com\/embed\/8K3gzwyhmMg?feature=oembed\" frameborder=\"0\" allow=\"accelerometer; autoplay; clipboard-write; encrypted-media; gyroscope; picture-in-picture; web-share\" referrerpolicy=\"strict-origin-when-cross-origin\" allowfullscreen><\/iframe>\n<\/div><\/figure>\n\n\n\n<section id=\"section-g-imrf7rm\" class=\"wp-block-gutentor-divider section-g-imrf7rm gutentor-element gutentor-section gutentor-divider text-center\"><div class=\"grid-container\"><div class=\"gutentor-divider-box\"><span><svg xmlns=\"http:\/\/www.w3.org\/2000\/svg\" viewBox=\"0 0 240 40\" preserveAspectRatio=\"none\"><path d=\"M56.2 20c5.3-.1 10.6-.2 16-.3l16-.2c10.6-.1 21.3-.1 31.9-.2 10.6.1 21.3 0 31.9.1l16 .2c5.3.1 10.6.2 16 .3-5.3.1-10.6.2-16 .3l-16 .2c-10.6.1-21.3.1-31.9.1-10.6-.1-21.3 0-31.9-.2l-16-.2c-5.4.1-10.7 0-16-.1z\"><\/path><\/svg><\/span><\/div><\/div><\/section>\n\n\n\n<figure class=\"wp-block-embed is-type-video is-provider-youtube wp-block-embed-youtube wp-embed-aspect-16-9 wp-has-aspect-ratio\"><div class=\"wp-block-embed__wrapper\">\n<iframe title=\"K\u00e9miatan\u00e1rok tov\u00e1bbk\u00e9pz\u0151je 2. Dr. R\u00f3ka Andr\u00e1s: Az \u00e9g\u00e9s felt\u00e9teleit\u0151l a biol\u00f3giai oxid\u00e1ci\u00f3ig\" width=\"500\" height=\"281\" src=\"https:\/\/www.youtube.com\/embed\/u8dGGzRR8Fc?feature=oembed\" frameborder=\"0\" allow=\"accelerometer; autoplay; clipboard-write; encrypted-media; gyroscope; picture-in-picture; web-share\" referrerpolicy=\"strict-origin-when-cross-origin\" allowfullscreen><\/iframe>\n<\/div><\/figure>\n\n\n\n<section id=\"section-g-2gs1ss1\" class=\"wp-block-gutentor-divider section-g-2gs1ss1 gutentor-element gutentor-section gutentor-divider text-center\"><div class=\"grid-container\"><div class=\"gutentor-divider-box\"><span><svg xmlns=\"http:\/\/www.w3.org\/2000\/svg\" viewBox=\"0 0 240 40\" preserveAspectRatio=\"none\"><path d=\"M56.2 20c5.3-.1 10.6-.2 16-.3l16-.2c10.6-.1 21.3-.1 31.9-.2 10.6.1 21.3 0 31.9.1l16 .2c5.3.1 10.6.2 16 .3-5.3.1-10.6.2-16 .3l-16 .2c-10.6.1-21.3.1-31.9.1-10.6-.1-21.3 0-31.9-.2l-16-.2c-5.4.1-10.7 0-16-.1z\"><\/path><\/svg><\/span><\/div><\/div><\/section>\n\n\n\n<figure class=\"wp-block-embed is-type-video is-provider-youtube wp-block-embed-youtube wp-embed-aspect-16-9 wp-has-aspect-ratio\"><div class=\"wp-block-embed__wrapper\">\n<iframe title=\"K\u00e9miatan\u00e1rok tov\u00e1bbk\u00e9pz\u0151je 3. N\u00e9meth Veronika: Gondolkodjunk k\u00e9mia\u00f3r\u00e1n (is)!\" width=\"500\" height=\"281\" src=\"https:\/\/www.youtube.com\/embed\/8VUvNDh8-Lk?feature=oembed\" frameborder=\"0\" allow=\"accelerometer; autoplay; clipboard-write; encrypted-media; gyroscope; picture-in-picture; web-share\" referrerpolicy=\"strict-origin-when-cross-origin\" allowfullscreen><\/iframe>\n<\/div><\/figure>\n\n\n\n<section id=\"section-g-6lylrrd\" class=\"wp-block-gutentor-divider section-g-6lylrrd gutentor-element gutentor-section gutentor-divider text-center\"><div class=\"grid-container\"><div class=\"gutentor-divider-box\"><span><svg xmlns=\"http:\/\/www.w3.org\/2000\/svg\" viewBox=\"0 0 240 40\" preserveAspectRatio=\"none\"><path d=\"M56.2 20c5.3-.1 10.6-.2 16-.3l16-.2c10.6-.1 21.3-.1 31.9-.2 10.6.1 21.3 0 31.9.1l16 .2c5.3.1 10.6.2 16 .3-5.3.1-10.6.2-16 .3l-16 .2c-10.6.1-21.3.1-31.9.1-10.6-.1-21.3 0-31.9-.2l-16-.2c-5.4.1-10.7 0-16-.1z\"><\/path><\/svg><\/span><\/div><\/div><\/section>\n\n\n\n<figure class=\"wp-block-embed is-type-video is-provider-youtube wp-block-embed-youtube wp-embed-aspect-16-9 wp-has-aspect-ratio\"><div class=\"wp-block-embed__wrapper\">\n<iframe title=\"K\u00e9miatan\u00e1rok tov\u00e1bbk\u00e9pz\u0151je 5. Dr. Mur\u00e1nyi Zolt\u00e1n\" width=\"500\" height=\"281\" src=\"https:\/\/www.youtube.com\/embed\/ogbJz9xmnts?feature=oembed\" frameborder=\"0\" allow=\"accelerometer; autoplay; clipboard-write; encrypted-media; gyroscope; picture-in-picture; web-share\" referrerpolicy=\"strict-origin-when-cross-origin\" allowfullscreen><\/iframe>\n<\/div><\/figure>\n","protected":false},"excerpt":{"rendered":"","protected":false},"author":8,"featured_media":0,"parent":0,"menu_order":0,"comment_status":"closed","ping_status":"closed","template":"","meta":{"site-sidebar-layout":"default","site-content-layout":"","ast-site-content-layout":"default","site-content-style":"default","site-sidebar-style":"default","ast-global-header-display":"","ast-banner-title-visibility":"","ast-main-header-display":"","ast-hfb-above-header-display":"","ast-hfb-below-header-display":"","ast-hfb-mobile-header-display":"","site-post-title":"","ast-breadcrumbs-content":"","ast-featured-img":"","footer-sml-layout":"","ast-disable-related-posts":"","theme-transparent-header-meta":"","adv-header-id-meta":"","stick-header-meta":"","header-above-stick-meta":"","header-main-stick-meta":"","header-below-stick-meta":"","astra-migrate-meta-layouts":"default","ast-page-background-enabled":"default","ast-page-background-meta":{"desktop":{"background-color":"var(--ast-global-color-5)","background-image":"","background-repeat":"repeat","background-position":"center center","background-size":"auto","background-attachment":"scroll","background-type":"","background-media":"","overlay-type":"","overlay-color":"","overlay-opacity":"","overlay-gradient":""},"tablet":{"background-color":"","background-image":"","background-repeat":"repeat","background-position":"center center","background-size":"auto","background-attachment":"scroll","background-type":"","background-media":"","overlay-type":"","overlay-color":"","overlay-opacity":"","overlay-gradient":""},"mobile":{"background-color":"","background-image":"","background-repeat":"repeat","background-position":"center center","background-size":"auto","background-attachment":"scroll","background-type":"","background-media":"","overlay-type":"","overlay-color":"","overlay-opacity":"","overlay-gradient":""}},"ast-content-background-meta":{"desktop":{"background-color":"var(--ast-global-color-4)","background-image":"","background-repeat":"repeat","background-position":"center center","background-size":"auto","background-attachment":"scroll","background-type":"","background-media":"","overlay-type":"","overlay-color":"","overlay-opacity":"","overlay-gradient":""},"tablet":{"background-color":"var(--ast-global-color-4)","background-image":"","background-repeat":"repeat","background-position":"center center","background-size":"auto","background-attachment":"scroll","background-type":"","background-media":"","overlay-type":"","overlay-color":"","overlay-opacity":"","overlay-gradient":""},"mobile":{"background-color":"var(--ast-global-color-4)","background-image":"","background-repeat":"repeat","background-position":"center center","background-size":"auto","background-attachment":"scroll","background-type":"","background-media":"","overlay-type":"","overlay-color":"","overlay-opacity":"","overlay-gradient":""}},"footnotes":"","_links_to":"","_links_to_target":""},"class_list":["post-1837","page","type-page","status-publish","hentry"],"_links":{"self":[{"href":"https:\/\/didactic.chem.ubbcluj.ro\/wordpress\/wp-json\/wp\/v2\/pages\/1837","targetHints":{"allow":["GET"]}}],"collection":[{"href":"https:\/\/didactic.chem.ubbcluj.ro\/wordpress\/wp-json\/wp\/v2\/pages"}],"about":[{"href":"https:\/\/didactic.chem.ubbcluj.ro\/wordpress\/wp-json\/wp\/v2\/types\/page"}],"author":[{"embeddable":true,"href":"https:\/\/didactic.chem.ubbcluj.ro\/wordpress\/wp-json\/wp\/v2\/users\/8"}],"replies":[{"embeddable":true,"href":"https:\/\/didactic.chem.ubbcluj.ro\/wordpress\/wp-json\/wp\/v2\/comments?post=1837"}],"version-history":[{"count":2,"href":"https:\/\/didactic.chem.ubbcluj.ro\/wordpress\/wp-json\/wp\/v2\/pages\/1837\/revisions"}],"predecessor-version":[{"id":1948,"href":"https:\/\/didactic.chem.ubbcluj.ro\/wordpress\/wp-json\/wp\/v2\/pages\/1837\/revisions\/1948"}],"wp:attachment":[{"href":"https:\/\/didactic.chem.ubbcluj.ro\/wordpress\/wp-json\/wp\/v2\/media?parent=1837"}],"curies":[{"name":"wp","href":"https:\/\/api.w.org\/{rel}","templated":true}]}}